{"id":5089,"date":"2023-04-18T11:30:41","date_gmt":"2023-04-18T09:30:41","guid":{"rendered":"https:\/\/smartlivingnext.de\/publications\/"},"modified":"2025-11-07T09:23:44","modified_gmt":"2025-11-07T08:23:44","slug":"publications","status":"publish","type":"page","link":"https:\/\/smartlivingnext.de\/en\/publications\/","title":{"rendered":"Publications"},"content":{"rendered":"\n<div class=\"publikationen sp-n-7 border-grey-1px-bottom\">\n<div class=\"border-grey-1px-bottom sp-n-4 ma-n-7\" style=\"--ccaos-duration:0.4s;--ccaos-easing:eases;\" data-aos=\"fade-in-up-small\">\n<h1 class=\"heading-c371890\">Publications<\/h1>\n\n\n\n<div><\/div>\n<\/div>\n\n\n\n<div style=\"--ccaos-duration:0.4s;--ccaos-easing:eases;\" data-aos=\"fade-in-up-small\">\n<p>SmartLivingNEXT produces scientific publications from leading universities and research institutions on the following topics:<\/p>\n\n\n\n<ul class=\"wp-block-list list-arrow\">\n<li>Artificial intelligence<\/li>\n\n\n\n<li>AI modeling and training<\/li>\n\n\n\n<li>Machine Learning<\/li>\n\n\n\n<li>Data ecosystems<\/li>\n\n\n\n<li>Corporate Digital Responsibility<\/li>\n<\/ul>\n\n\n\n<p>Here you will find a list of all publications that have been produced as part of SmartLivingNEXT. The knowledge collection contains research and work results in the form of papers, study results, strategy papers or important conference contributions.<\/p>\n<\/div>\n\n\n\n<div class=\"sp-b-4 border-grey-1px-top ma-b-7\" style=\"--ccaos-duration:0.4s;--ccaos-easing:eases;\" data-aos=\"fade-in-up-small\">\n<div id=\"info1\" class=\"sp-n-7 section\">\n<div id=\"tablist-c021d60\" class=\"tablist-cf23979 sp-b-4\" role=\"tablist\" aria-orientation=\"horizontal\" dir=\"ltr\" data-cc-tabs=\"tabcontents-cdb955c\">\n<button id=\"tab-c8b68af\" class=\"tab-c585b2a cc-tab-active\" type=\"button\" role=\"tab\" tabindex=\"0\" aria-selected=\"true\">\n<div class=\"div-cd1484a\">\n<p>2025<\/p>\n<\/div>\n<\/button>\n\n\n\n<button id=\"tab-c0717f6\" class=\"tab-cba3ee8 cc-tab-hidden\" type=\"button\" role=\"tab\" tabindex=\"0\" aria-selected=\"true\">\n<div class=\"div-cafa502\">\n<p>2024<\/p>\n<\/div>\n<\/button>\n\n\n\n<button id=\"tab-c470cb6\" class=\"tab-c2c85f2 cc-tab-hidden\" type=\"button\" role=\"tab\" tabindex=\"0\" aria-selected=\"true\">\n<div class=\"div-c5cf719\">\n<p>2023<\/p>\n<\/div>\n<\/button>\n\n\n\n<button id=\"tab-c27bfd2\" class=\"tab-cba26c2 cc-tab-hidden\" type=\"button\" role=\"tab\" tabindex=\"0\" aria-selected=\"true\">\n<div class=\"div-ca0a8d6\">\n<p>2022<\/p>\n<\/div>\n<\/button>\n<\/div>\n\n\n\n<div id=\"tabcontents-cdb955c\">\n<div id=\"tabcontent-c984661\" class=\"tabcontent-c72dddc cc-tab-content-active cc-tbc\" role=\"tabpanel\">\n<div id=\"query-c9f0720\" style=\"--ccaos-duration:0.4s;--ccaos-easing:eases;\" data-aos=\"fade-in-up-small\" data-query_id=\"18\">\n<div id=\"query-template-c893451\" class=\"query-template-ca51758 sp-b-4\" cc-query-template=\"\"><div class=\"cc-query-item\">\n<a href=\"https:\/\/link.springer.com\/chapter\/10.1007\/978-3-032-02813-6_1#citeas\" rel=\"noopener\" target=\"_blank\">\n<h2 class=\"heading-cdd00a4\">Augmenting Systematic Literature Reviews: A Human-AI Collaborative Framework<\/h2>\n<\/a>\n\n<p>Br\u00eencoveanu, C., Carl, K.V., Witzki, A., Hinz, O<\/p>\n\n<p>INFORMATIK 2025 Potsdam <\/p>\n\n<p>September <\/p>\n\n<p><\/p>\n\n<div class=\"div-c19d3e5 sp-n-4\"><\/div>\n<\/div><div class=\"cc-query-item\">\n<a href=\"https:\/\/dl.gi.de\/server\/api\/core\/bitstreams\/e126737d-4577-4818-ac9b-be1adaa92397\/content\" rel=\"noopener\" target=\"_blank\">\n<h2 class=\"heading-cdd00a4\">Trust Me, I\u2019m Funny: Humor, Personalization, and Trust in Conversational Agents \u2013 A Systematic Literature Review on User Engagement, Educational Adoption, and Responsible Use<\/h2>\n<\/a>\n\n<p>Br\u00eencoveanu, Constantin<\/p>\n\n<p>INFORMATIK 2025 Potsdam <\/p>\n\n<p>16.-19-September <\/p>\n\n<p><\/p>\n\n<div class=\"div-c19d3e5 sp-n-4\"><\/div>\n<\/div><div class=\"cc-query-item\">\n<a href=\"https:\/\/dl.gi.de\/server\/api\/core\/bitstreams\/061639f6-261e-4496-96b9-cb1af1c413ac\/content\" rel=\"noopener\" target=\"_blank\">\n<h2 class=\"heading-cdd00a4\">How may I help you? Evaluating User Sentiment Toward Generative AI-Designed Interfaces<\/h2>\n<\/a>\n\n<p>Witzki, Aaron; Br\u00eencoveanu, Constantin; Carl, K. Valerie<\/p>\n\n<p>INFORMATIK 2025 Potsdam <\/p>\n\n<p>16.-19-September <\/p>\n\n<p><\/p>\n\n<div class=\"div-c19d3e5 sp-n-4\"><\/div>\n<\/div><div class=\"cc-query-item\">\n<a href=\"https:\/\/dl.gi.de\/server\/api\/core\/bitstreams\/39dab994-428d-45f3-88cb-b175e32e4c29\/content\" rel=\"noopener\" target=\"_blank\">\n<h2 class=\"heading-cdd00a4\">May I introduce myself? \u2013 Designing Personas to Incentivize Data Sharing in Smart Living for Vulnerable Individuals<\/h2>\n<\/a>\n\n<p>Aaron Witzki<\/p>\n\n<p>INFORMATIK 2025 Potsdam <\/p>\n\n<p>16.-19-September <\/p>\n\n<p><\/p>\n\n<div class=\"div-c19d3e5 sp-n-4\"><\/div>\n<\/div><div class=\"cc-query-item\">\n<a href=\"https:\/\/www.nomos-elibrary.de\/de\/document\/view\/pdf\/uuid\/e29a9e7c-b909-38aa-93b7-d8f6aa82e12e?page=1\" rel=\"noopener\" target=\"_blank\">\n<h2 class=\"heading-cdd00a4\">Gemeinsamkeiten bei Corporate Digital Responsibility schaffen: Integration von Erkenntnissen, Definitionen und Expert*innenperspektiven<\/h2>\n<\/a>\n\n<p>K. Valerie Carl, Marie Blachetta, Beatriz Bilfinger, Alexander Brink, Annette Cerulli-Harms, Anna-Sophia Christ, Karin Dietl, Saskia D\u00f6rr, Marc P. Hauer, Maria Hinz, Jens-Rainer J\u00e4nig, Katharina Keilhofer, Christian Kurtz, Cristina Mihale-Wilson, Benjamin M\u00fcller, Bartosz Przybylek, Nicole Schaufler, Isabelle Karoline Schlegel, Maike Scholz, Felix von Roesgen und Jakob W\u00f6\u00dfner<\/p>\n\n<p>Baden-Baden<\/p>\n\n<p>2025<\/p>\n\n<p><\/p>\n\n<div class=\"div-c19d3e5 sp-n-4\"><\/div>\n<\/div><div class=\"cc-query-item\">\n<a href=\"https:\/\/www.nomos-elibrary.de\/de\/document\/view\/pdf\/uuid\/87c85d5c-9e1f-3ac3-81ce-a3bab0d54388?page=1\" rel=\"noopener\" target=\"_blank\">\n<h2 class=\"heading-cdd00a4\">Von Datenknappheit zur Datenhoheit: Endkonsument*innen als aktive Gestalter*innen f\u00fcr mehr Fairness in der Datensammlung<\/h2>\n<\/a>\n\n<p>Dr. K. Valerie Carl <\/p>\n\n<p>Baden-Baden<\/p>\n\n<p>2025<\/p>\n\n<p><\/p>\n\n<div class=\"div-c19d3e5 sp-n-4\"><\/div>\n<\/div><div class=\"cc-query-item\">\n<a href=\"https:\/\/initiatived21.de\/uploads\/03_Studien-Publikationen\/Denkimpulse-Ethik\/19-CDR-Definition\/D21_Denkimpuls_CDR-Definition.pdf\" rel=\"noopener\" target=\"_blank\">\n<h2 class=\"heading-cdd00a4\">Gemeinsamkeiten bei Corporate Digital Responsibility schaffen: Integration von Erkenntnissen, Definitionen und Expert*innenperspektiven<\/h2>\n<\/a>\n\n<p>Dr. K. Valerie Carl, Dr. Marie Blachetta, Beatriz Bilfinger, Prof. Dr. Alexander Brink, Dr. Annette Cerulli-Harms, Anna-Sophia Christ, Karin Dietl,  Dr. Saskia D\u00f6rr,  Dr. Marc P. Hauer, Maria Hinz,  Jens-Rainer J\u00e4nig, Katharina Keilhofer, Dr. Christian  Kurtz,  Dr. Cristina Mihale-Wilson, Prof. Dr. Benjamin  M\u00fcller,  Bartosz Przybylek,  Nicole Schaufler, Isabelle  Karoline Schlegel,  Maike Scholz, Felix von Roesgen , Jakob W\u00f6\u00dfner<\/p>\n\n<p>Potsdam<\/p>\n\n<p>August 2025<\/p>\n\n<p><\/p>\n\n<div class=\"div-c19d3e5 sp-n-4\"><\/div>\n<\/div><div class=\"cc-query-item\">\n<a href=\"https:\/\/link.springer.com\/epdf\/10.1365\/s40702-025-01198-0?sharing_token=8GCpB5BctDqlpfQ64_KYO32kjFioqY_JoFJDVSa160350aoNwbOnr9UQJE-gI3lbc6Tc7r-zgWJJq-UHfkmpVQlqF3e1DRcecVdHrlAhXzsyg6M4pMKHKf-kuf1DBmRH8N-bLwhpynAhlmopO7-T047BPxjYIb0DRCo84Y9YnDk%3D\" rel=\"noopener\" target=\"_blank\">\n<h2 class=\"heading-cdd00a4\">Data Unlocked \u2013 Ein Modell zur anwendungs\u00fcbergreifenden Nutzung pers\u00f6nlicher Daten im Smart-Living-Kontext<\/h2>\n<\/a>\n\n<p>Tobias Dreesbach, L\u00e9on Dankert, Jonas Ruhe, K. Valerie Carl, Oliver Hinz, Oliver Thomas<\/p>\n\n<p>Germany<\/p>\n\n<p>Juli 2025<\/p>\n\n<p><\/p>\n\n<div class=\"div-c19d3e5 sp-n-4\"><\/div>\n<\/div><div class=\"cc-query-item\">\n<a href=\"https:\/\/smartlivingnext.de\/wp-content\/uploads\/Ammann_HICSS-BMs-in-DDE_FinalSubmission.pdf\" rel=\"noopener\" target=\"_blank\">\n<h2 class=\"heading-cdd00a4\">Data Sharing is Caring \u2013 A Multiple Case Study on Business Model Types in Decentralized Data Ecosystems<\/h2>\n<\/a>\n\n<p>Jana Ammann<\/p>\n\n<p>M\u00fcnchen<\/p>\n\n<p>Januar 2025<\/p>\n\n<p><\/p>\n\n<div class=\"div-c19d3e5 sp-n-4\"><\/div>\n<\/div><div class=\"cc-query-item\" data-lastpost=\"1\">\n<a href=\"https:\/\/dl.gi.de\/items\/3d34bb0e-1604-46c5-8764-2ed5d4b3b770\" rel=\"noopener\" target=\"_blank\">\n<h2 class=\"heading-cdd00a4\">What are your intentions with my data? A tool to enhance consumer data sovereignty in digital ecosystems<\/h2>\n<\/a>\n\n<p>Aaron Witzki, K. Valeria Carl, L\u00e9on Dankert, Oliver Thomas, Oliver Hinz <\/p>\n\n<p>Neubiberg, Germany<\/p>\n\n<p>Mai 2025<\/p>\n\n<p><\/p>\n\n<div class=\"div-c19d3e5 sp-n-4\"><\/div>\n<\/div><\/div>\n<\/div>\n<\/div>\n\n\n\n<div id=\"tabcontent-cd1a436\" class=\"tabcontent-c29c1d0 cc-tab-content-hidden cc-tbc\" role=\"tabpanel\">\n<div id=\"query-cf2f792\" style=\"--ccaos-duration:0.4s;--ccaos-easing:eases;\" data-aos=\"fade-in-up-small\" data-query_id=\"18\">\n<div id=\"query-template-cb95646\" class=\"query-template-c6b1913 sp-b-4\" cc-query-template=\"\"><div class=\"cc-query-item\">\n<a href=\"https:\/\/www.mdpi.com\/1996-1073\/17\/9\/1992\" rel=\"noopener\" target=\"_blank\">\n<h2 class=\"heading-cad015d\">A Survey on the Use of Synthetic Data for Enhancing Key Aspects of Trustworthy AI in the Energy Domain: Challenges and Opportunities<\/h2>\n<\/a>\n\n<p>Michael Meiser and Ingo Zinnikus<\/p>\n\n<p>energies<\/p>\n\n<p>23. April 2024<\/p>\n\n<p><\/p>\n\n<div class=\"div-c178742 sp-n-4\"><\/div>\n<\/div><div class=\"cc-query-item\">\n<a href=\"https:\/\/www.sciencedirect.com\/science\/article\/pii\/S2666546824000934\" rel=\"noopener\" target=\"_blank\">\n<h2 class=\"heading-cad015d\">VA-Creator \u2014 A Virtual Appliance Creator based on adaptive Neural Networks to generate synthetic power consumption patterns<\/h2>\n<\/a>\n\n<p>Michael Meiser, Benjamin Duppe, Ingo Zinnikus and Alexander Anisimov<\/p>\n\n<p>Energy and AI<\/p>\n\n<p>Dezember 2024<\/p>\n\n<p><\/p>\n\n<div class=\"div-c178742 sp-n-4\"><\/div>\n<\/div><div class=\"cc-query-item\">\n<a href=\"https:\/\/www.scitepress.org\/publishedPapers\/2024\/129190\/pdf\/index.html\" rel=\"noopener\" target=\"_blank\">\n<h2 class=\"heading-cad015d\">Semantic Support Points for on the Fly Knowledge Encoding in Heterogenous Systems<\/h2>\n<\/a>\n\n<p>Daniel Spieldenner, Andr\u00e9 Antakli, Torsten Spieldenner, Harkiran Sahota<\/p>\n\n<p>Proceedings of the 16th International Joint Conference on Knowledge Discovery, Knowledge Engineering and Knowledge Management &#8211; (Volume 3).<\/p>\n\n<p>2024<\/p>\n\n<p><\/p>\n\n<div class=\"div-c178742 sp-n-4\"><\/div>\n<\/div><div class=\"cc-query-item\">\n<a href=\"https:\/\/aisel.aisnet.org\/icis2024\/security\/security\/13\/\" rel=\"noopener\" target=\"_blank\">\n<h2 class=\"heading-cad015d\">How Uncertainty and AI Reciprocity Shape Data Disclosure Decisions in AI Health Services<\/h2>\n<\/a>\n\n<p>Alexander Zieglmeier, Johann Kranz, Tawfiq Alashoor<\/p>\n\n<p>Bangkok<\/p>\n\n<p>18.12.2024<\/p>\n\n<p><\/p>\n\n<div class=\"div-c178742 sp-n-4\"><\/div>\n<\/div><div class=\"cc-query-item\" data-lastpost=\"1\">\n<a href=\"https:\/\/smartlivingnext.de\/wp-content\/uploads\/AI-Based-Assistance-Systems.pdf\" rel=\"noopener\" target=\"_blank\">\n<h2 class=\"heading-cad015d\">Artificial Intelligence-Based Assistance Systems for Environmental Sustainability in Smart Homes<\/h2>\n<\/a>\n\n<p>Constantin Br\u00eencoveanu, K. Valerie Carl, Simon Binz, Moritz-Andre Weiher, Oliver Thomas, Oliver Hinz<\/p>\n\n<p>Bonn<\/p>\n\n<p>2024<\/p>\n\n<p><\/p>\n\n<div class=\"div-c178742 sp-n-4\"><\/div>\n<\/div><\/div>\n<\/div>\n<\/div>\n\n\n\n<div id=\"tabcontent-c04d550\" class=\"tabcontent-ca4df02 cc-tab-content-hidden cc-tbc\" role=\"tabpanel\">\n<div id=\"query-c642b8c\" style=\"--ccaos-duration:0.4s;--ccaos-easing:eases;\" data-aos=\"fade-in-up-small\" data-query_id=\"18\">\n<div id=\"querytemplate-c8e717e\" class=\"querytemplate-c2ceb1c sp-b-4\" cc-query-template=\"\"><div class=\"cc-query-item\">\n<a href=\"https:\/\/www.fv-elektrotechnik.de\/files\/fv\/schlussberichte\/ForeSight-Verbundschlussbericht.pdf\" rel=\"noopener\" target=\"_blank\">\n<h2 class=\"heading-cccd198\">ForeSight Abschlussbericht<\/h2>\n<\/a>\n\n<p>Anke H\u00fcneburg et. al.  <\/p>\n\n<p>Forschungsvereinigung Elektrotechnik beim ZVEI e. V. <\/p>\n\n<p>28. Juni<\/p>\n\n<p><\/p>\n\n<div class=\"div-c115eb9 sp-n-4\"><\/div>\n<\/div><div class=\"cc-query-item\">\n<a href=\"https:\/\/www.sciencedirect.com\/science\/article\/pii\/S2666546823000800\" rel=\"noopener\" target=\"_blank\">\n<h2 class=\"heading-cccd198\">Generation of meaningful synthetic sensor data-evaluated with a reliable transferability methodology.<\/h2>\n<\/a>\n\n<p>Meiser, Michael, Benjamin Duppe, and Ingo Zinnikus. <\/p>\n\n<p>Energy and AI <\/p>\n\n<p>13. Oktober 2023<\/p>\n\n<p><\/p>\n\n<div class=\"div-c115eb9 sp-n-4\"><\/div>\n<\/div><div class=\"cc-query-item\" data-lastpost=\"1\">\n<a href=\"https:\/\/ieeexplore.ieee.org\/abstract\/document\/10123429\" rel=\"noopener\" target=\"_blank\">\n<h2 class=\"heading-cccd198\">SynTiSeD-Synthetic Time Series Data Generator. 11th Workshop on Modeling and Simulation of Cyber-Physical Energy Systems (MSCPES).<\/h2>\n<\/a>\n\n<p>Meiser, Michael, Benjamin Duppe, and Ingo Zinnikus. <\/p>\n\n<p>IEEE<\/p>\n\n<p>15. Mai 2023<\/p>\n\n<p><\/p>\n\n<div class=\"div-c115eb9 sp-n-4\"><\/div>\n<\/div><\/div>\n<\/div>\n<\/div>\n\n\n\n<div id=\"tabcontent-c617148\" class=\"tabcontent-cfe0ad2 cc-tab-content-hidden cc-tbc\" role=\"tabpanel\">\n<div id=\"query-c499a1a\" style=\"--ccaos-duration:0.4s;--ccaos-easing:eases;\" data-aos=\"fade-in-up-small\" data-query_id=\"18\">\n<div id=\"query-template-cd31a89\" class=\"query-template-cca7a04 sp-b-4\" cc-query-template=\"\"><div class=\"cc-query-item\" data-lastpost=\"1\">\n<a href=\"https:\/\/www.fv-elektrotechnik.de\/files\/fv\/schlussberichte\/SENSE_Konsortialschlussbericht_final.pdf\" rel=\"noopener\" target=\"_blank\">\n<h2 class=\"heading-c62c27e\">SENSE Abschlussbericht<\/h2>\n<\/a>\n\n<p>Philipp Slusallek<\/p>\n\n<p>Forschungsvereinigung Elektrotechnik beim ZVEI e. V. <\/p>\n\n<p>2. Mai <\/p>\n\n<p><\/p>\n\n<div class=\"div-c791825 sp-n-4\"><\/div>\n<\/div><\/div>\n<\/div>\n<\/div>\n<\/div>\n<\/div>\n<\/div>\n<\/div>\n","protected":false},"excerpt":{"rendered":"<p>SmartLivingNEXT produces scientific publications on the topics of AI, AI modeling and training, machine learning and data ecosystems.<\/p>\n","protected":false},"author":1,"featured_media":0,"parent":0,"menu_order":0,"comment_status":"closed","ping_status":"closed","template":"","meta":{"_acf_changed":false,"footnotes":""},"class_list":["post-5089","page","type-page","status-publish","hentry"],"acf":[],"_links":{"self":[{"href":"https:\/\/smartlivingnext.de\/en\/wp-json\/wp\/v2\/pages\/5089","targetHints":{"allow":["GET"]}}],"collection":[{"href":"https:\/\/smartlivingnext.de\/en\/wp-json\/wp\/v2\/pages"}],"about":[{"href":"https:\/\/smartlivingnext.de\/en\/wp-json\/wp\/v2\/types\/page"}],"author":[{"embeddable":true,"href":"https:\/\/smartlivingnext.de\/en\/wp-json\/wp\/v2\/users\/1"}],"replies":[{"embeddable":true,"href":"https:\/\/smartlivingnext.de\/en\/wp-json\/wp\/v2\/comments?post=5089"}],"version-history":[{"count":0,"href":"https:\/\/smartlivingnext.de\/en\/wp-json\/wp\/v2\/pages\/5089\/revisions"}],"wp:attachment":[{"href":"https:\/\/smartlivingnext.de\/en\/wp-json\/wp\/v2\/media?parent=5089"}],"curies":[{"name":"wp","href":"https:\/\/api.w.org\/{rel}","templated":true}]}}