{"id":7314,"date":"2024-10-15T16:39:29","date_gmt":"2024-10-15T14:39:29","guid":{"rendered":"https:\/\/smartlivingnext.de\/industry-news\/"},"modified":"2024-10-23T07:45:54","modified_gmt":"2024-10-23T05:45:54","slug":"industry-news","status":"publish","type":"page","link":"https:\/\/smartlivingnext.de\/en\/industry-news\/","title":{"rendered":"Industry news"},"content":{"rendered":"\n<div class=\"div-c0404c9 border-grey-1px-bottom sp-n-7\">\n<div class=\"div-cd9d489 sp-n-7 border-grey-1px-bottom\" style=\"--ccaos-duration:0.4s;--ccaos-easing:eases;\" data-aos=\"fade-in-up-small\">\n<h1 class=\"heading-c371890 no-hyph\">SmartLivingNEXT Industry news<\/h1>\n\n\n\n<div class=\"div-c095021\"><script src=\"https:\/\/t819e2288.emailsys1a.net\/form\/229\/79776\/a820d69010\/popup.js?_g=1726042926\" async><\/script>\n\n\n<p class=\"paragraph-c9fede8\">Stay informed about the latest developments around SmartLivingNEXT:<\/p>\n\n\n\n<div class=\"div-c55300f\">\n<a class=\"rm-open-popup cc-btn \" href=\"#\">Register for the content update <span class=\"cc-span arrow\">\u2192<\/span><\/a>\n<\/div>\n<\/div>\n<\/div>\n\n\n\n<div id=\"query-c14a368\" class=\"sp-b-4\" style=\"--ccaos-duration:0.4s;--ccaos-easing:eases;\" data-aos=\"fade-in-up-small\" data-query_id=\"17\">\n<div id=\"query-template-ca12c79\" class=\"four-column-grid\" cc-query-template=\"\"><div class=\"cc-query-item\">\n<a class=\"boxes-border-left\" href=\"https:\/\/smartlivingnext.de\/wp-content\/uploads\/MGT0925-PB-ZVEI-Interview.pdf\" rel=\"noopener\" target=\"_blank\">\n<div>\n<p class=\"paragraph-c57dfa7 page-type\">Published by<\/p>\n\n\n\n<p>Moderne Geb\u00e4udetechnik 9\/2025<\/p>\n\n\n\n<h3 class=\"heading-c38d00f\">Daten und K\u00fcnstliche Intelligenz (KI) f\u00fcr die Geb\u00e4udewelt von morgen<\/h3>\n<\/div>\n\n\n\n<div class=\"icon-branchen cc-icn\"><svg xmlns=\"http:\/\/www.w3.org\/2000\/svg\" viewBox=\"0 0 32 32\"><path d=\"M28.5 13c0 0.828-0.672 1.5-1.5 1.5s-1.5-0.672-1.5-1.5v0-4.375l-7.439 7.439c-0.272 0.272-0.648 0.44-1.063 0.44-0.83 0-1.503-0.673-1.503-1.503 0-0.415 0.168-0.791 0.44-1.063l7.439-7.439h-4.375c-0.828 0-1.5-0.672-1.5-1.5s0.672-1.5 1.5-1.5v0h8c0.828 0 1.5 0.672 1.5 1.5v0zM23 16c-0.828 0-1.5 0.672-1.5 1.5v0 8h-15v-15h8c0.828 0 1.5-0.672 1.5-1.5s-0.672-1.5-1.5-1.5v0h-8.5c-1.381 0-2.5 1.119-2.5 2.5v0 16c0 1.381 1.119 2.5 2.5 2.5v0h16c1.381 0 2.5-1.119 2.5-2.5v0-8.5c0-0.828-0.672-1.5-1.5-1.5v0z\"><\/path><\/svg><\/div>\n<\/a>\n<\/div><div class=\"cc-query-item\">\n<a class=\"boxes-border-left\" href=\"https:\/\/veranstaltungen.handelsblatt.com\/journal\/pdf\/P6200193.pdf\" rel=\"noopener\" target=\"_blank\">\n<div>\n<p class=\"paragraph-c57dfa7 page-type\">Published by<\/p>\n\n\n\n<p>Handelsblatt Journal<\/p>\n\n\n\n<h3 class=\"heading-c38d00f\">Neue L\u00f6sungen f\u00fcr die Energiewende: SmartLivingNEXT<\/h3>\n<\/div>\n\n\n\n<div class=\"icon-branchen cc-icn\"><svg xmlns=\"http:\/\/www.w3.org\/2000\/svg\" viewBox=\"0 0 32 32\"><path d=\"M28.5 13c0 0.828-0.672 1.5-1.5 1.5s-1.5-0.672-1.5-1.5v0-4.375l-7.439 7.439c-0.272 0.272-0.648 0.44-1.063 0.44-0.83 0-1.503-0.673-1.503-1.503 0-0.415 0.168-0.791 0.44-1.063l7.439-7.439h-4.375c-0.828 0-1.5-0.672-1.5-1.5s0.672-1.5 1.5-1.5v0h8c0.828 0 1.5 0.672 1.5 1.5v0zM23 16c-0.828 0-1.5 0.672-1.5 1.5v0 8h-15v-15h8c0.828 0 1.5-0.672 1.5-1.5s-0.672-1.5-1.5-1.5v0h-8.5c-1.381 0-2.5 1.119-2.5 2.5v0 16c0 1.381 1.119 2.5 2.5 2.5v0h16c1.381 0 2.5-1.119 2.5-2.5v0-8.5c0-0.828-0.672-1.5-1.5-1.5v0z\"><\/path><\/svg><\/div>\n<\/a>\n<\/div><div class=\"cc-query-item\">\n<a class=\"boxes-border-left\" href=\"https:\/\/www.caretrialog.de\/gaist-macht-hamburgs-aelteste-stiftung-smart\" rel=\"noopener\" target=\"_blank\">\n<div>\n<p class=\"paragraph-c57dfa7 page-type\">Published by<\/p>\n\n\n\n<p>CareTRIALOG<\/p>\n\n\n\n<h3 class=\"heading-c38d00f\">GAiST macht Hamburgs \u00e4lteste Stiftung smart<\/h3>\n<\/div>\n\n\n\n<div class=\"icon-branchen cc-icn\"><svg xmlns=\"http:\/\/www.w3.org\/2000\/svg\" viewBox=\"0 0 32 32\"><path d=\"M28.5 13c0 0.828-0.672 1.5-1.5 1.5s-1.5-0.672-1.5-1.5v0-4.375l-7.439 7.439c-0.272 0.272-0.648 0.44-1.063 0.44-0.83 0-1.503-0.673-1.503-1.503 0-0.415 0.168-0.791 0.44-1.063l7.439-7.439h-4.375c-0.828 0-1.5-0.672-1.5-1.5s0.672-1.5 1.5-1.5v0h8c0.828 0 1.5 0.672 1.5 1.5v0zM23 16c-0.828 0-1.5 0.672-1.5 1.5v0 8h-15v-15h8c0.828 0 1.5-0.672 1.5-1.5s-0.672-1.5-1.5-1.5v0h-8.5c-1.381 0-2.5 1.119-2.5 2.5v0 16c0 1.381 1.119 2.5 2.5 2.5v0h16c1.381 0 2.5-1.119 2.5-2.5v0-8.5c0-0.828-0.672-1.5-1.5-1.5v0z\"><\/path><\/svg><\/div>\n<\/a>\n<\/div><div class=\"cc-query-item\">\n<a class=\"boxes-border-left\" href=\"https:\/\/www.bussysteme.de\/artikel\/smartlivingmarktstudiedeutscheunternehmenprofitierenvommilliardenmarkt\" rel=\"noopener\" target=\"_blank\">\n<div>\n<p class=\"paragraph-c57dfa7 page-type\">Published by<\/p>\n\n\n\n<p>Bus Systeme \/ Moderne Geb\u00e4udetechnik<\/p>\n\n\n\n<h3 class=\"heading-c38d00f\">Smart Living-Marktstudie: Deutsche Unternehmen profitieren vom Milliardenmarkt<\/h3>\n<\/div>\n\n\n\n<div class=\"icon-branchen cc-icn\"><svg xmlns=\"http:\/\/www.w3.org\/2000\/svg\" viewBox=\"0 0 32 32\"><path d=\"M28.5 13c0 0.828-0.672 1.5-1.5 1.5s-1.5-0.672-1.5-1.5v0-4.375l-7.439 7.439c-0.272 0.272-0.648 0.44-1.063 0.44-0.83 0-1.503-0.673-1.503-1.503 0-0.415 0.168-0.791 0.44-1.063l7.439-7.439h-4.375c-0.828 0-1.5-0.672-1.5-1.5s0.672-1.5 1.5-1.5v0h8c0.828 0 1.5 0.672 1.5 1.5v0zM23 16c-0.828 0-1.5 0.672-1.5 1.5v0 8h-15v-15h8c0.828 0 1.5-0.672 1.5-1.5s-0.672-1.5-1.5-1.5v0h-8.5c-1.381 0-2.5 1.119-2.5 2.5v0 16c0 1.381 1.119 2.5 2.5 2.5v0h16c1.381 0 2.5-1.119 2.5-2.5v0-8.5c0-0.828-0.672-1.5-1.5-1.5v0z\"><\/path><\/svg><\/div>\n<\/a>\n<\/div><div class=\"cc-query-item\">\n<a class=\"boxes-border-left\" href=\"https:\/\/www.careinvest-online.net\/intelligente-technik-fuer-hamburger-stiftung\/?utm_source=newsletter&#038;utm_medium=email&#038;utm_content=ueberschrift_Intelligente%20Technik%20f%C3%BCr%20Hamburger%20Stiftung&#038;utm_campaign=%20CI_Newsflash_2025_11KW_120325_hzhg_smart\" rel=\"noopener\" target=\"_blank\">\n<div>\n<p class=\"paragraph-c57dfa7 page-type\">Published by<\/p>\n\n\n\n<p>Care Invest<\/p>\n\n\n\n<h3 class=\"heading-c38d00f\">Intelligente Technik f\u00fcr Hamburger Stiftung \u00bb CARE INVEST<\/h3>\n<\/div>\n\n\n\n<div class=\"icon-branchen cc-icn\"><svg xmlns=\"http:\/\/www.w3.org\/2000\/svg\" viewBox=\"0 0 32 32\"><path d=\"M28.5 13c0 0.828-0.672 1.5-1.5 1.5s-1.5-0.672-1.5-1.5v0-4.375l-7.439 7.439c-0.272 0.272-0.648 0.44-1.063 0.44-0.83 0-1.503-0.673-1.503-1.503 0-0.415 0.168-0.791 0.44-1.063l7.439-7.439h-4.375c-0.828 0-1.5-0.672-1.5-1.5s0.672-1.5 1.5-1.5v0h8c0.828 0 1.5 0.672 1.5 1.5v0zM23 16c-0.828 0-1.5 0.672-1.5 1.5v0 8h-15v-15h8c0.828 0 1.5-0.672 1.5-1.5s-0.672-1.5-1.5-1.5v0h-8.5c-1.381 0-2.5 1.119-2.5 2.5v0 16c0 1.381 1.119 2.5 2.5 2.5v0h16c1.381 0 2.5-1.119 2.5-2.5v0-8.5c0-0.828-0.672-1.5-1.5-1.5v0z\"><\/path><\/svg><\/div>\n<\/a>\n<\/div><div class=\"cc-query-item\">\n<a class=\"boxes-border-left\" href=\"https:\/\/gebaeudedigital.de\/haus-und-gebaeudeautomation\/ki-basiertes-oekosystem-fuer-smart-living-dienste\/\" rel=\"noopener\" target=\"_blank\">\n<div>\n<p class=\"paragraph-c57dfa7 page-type\">Published by<\/p>\n\n\n\n<p>Geb\u00e4udedigital<\/p>\n\n\n\n<h3 class=\"heading-c38d00f\">Interview mit Michael Schidlack: KI-basiertes \u00d6kosystem f\u00fcr Smart-Living-Dienste<\/h3>\n<\/div>\n\n\n\n<div class=\"icon-branchen cc-icn\"><svg xmlns=\"http:\/\/www.w3.org\/2000\/svg\" viewBox=\"0 0 32 32\"><path d=\"M28.5 13c0 0.828-0.672 1.5-1.5 1.5s-1.5-0.672-1.5-1.5v0-4.375l-7.439 7.439c-0.272 0.272-0.648 0.44-1.063 0.44-0.83 0-1.503-0.673-1.503-1.503 0-0.415 0.168-0.791 0.44-1.063l7.439-7.439h-4.375c-0.828 0-1.5-0.672-1.5-1.5s0.672-1.5 1.5-1.5v0h8c0.828 0 1.5 0.672 1.5 1.5v0zM23 16c-0.828 0-1.5 0.672-1.5 1.5v0 8h-15v-15h8c0.828 0 1.5-0.672 1.5-1.5s-0.672-1.5-1.5-1.5v0h-8.5c-1.381 0-2.5 1.119-2.5 2.5v0 16c0 1.381 1.119 2.5 2.5 2.5v0h16c1.381 0 2.5-1.119 2.5-2.5v0-8.5c0-0.828-0.672-1.5-1.5-1.5v0z\"><\/path><\/svg><\/div>\n<\/a>\n<\/div><div class=\"cc-query-item\">\n<a class=\"boxes-border-left\" href=\"https:\/\/www.tab.de\/news\/digitalisierung-von-wohngebaeuden-durch-geteilte-datenraeume-4164626.html\" rel=\"noopener\" target=\"_blank\">\n<div>\n<p class=\"paragraph-c57dfa7 page-type\">Published by<\/p>\n\n\n\n<p>tab<\/p>\n\n\n\n<h3 class=\"heading-c38d00f\">Wachstumsimpulse f\u00fcr Smart-Living-Markt: Digitalisierung von Wohngeb\u00e4uden durch geteilte Datenr\u00e4ume<\/h3>\n<\/div>\n\n\n\n<div class=\"icon-branchen cc-icn\"><svg xmlns=\"http:\/\/www.w3.org\/2000\/svg\" viewBox=\"0 0 32 32\"><path d=\"M28.5 13c0 0.828-0.672 1.5-1.5 1.5s-1.5-0.672-1.5-1.5v0-4.375l-7.439 7.439c-0.272 0.272-0.648 0.44-1.063 0.44-0.83 0-1.503-0.673-1.503-1.503 0-0.415 0.168-0.791 0.44-1.063l7.439-7.439h-4.375c-0.828 0-1.5-0.672-1.5-1.5s0.672-1.5 1.5-1.5v0h8c0.828 0 1.5 0.672 1.5 1.5v0zM23 16c-0.828 0-1.5 0.672-1.5 1.5v0 8h-15v-15h8c0.828 0 1.5-0.672 1.5-1.5s-0.672-1.5-1.5-1.5v0h-8.5c-1.381 0-2.5 1.119-2.5 2.5v0 16c0 1.381 1.119 2.5 2.5 2.5v0h16c1.381 0 2.5-1.119 2.5-2.5v0-8.5c0-0.828-0.672-1.5-1.5-1.5v0z\"><\/path><\/svg><\/div>\n<\/a>\n<\/div><div class=\"cc-query-item\">\n<a class=\"boxes-border-left\" href=\"https:\/\/gebaeudedigital.de\/allgemein\/wachstumsimpulse-fuer-den-smart-living-markt\/\" rel=\"noopener\" target=\"_blank\">\n<div>\n<p class=\"paragraph-c57dfa7 page-type\">Published by<\/p>\n\n\n\n<p>Geb\u00e4udedigital<\/p>\n\n\n\n<h3 class=\"heading-c38d00f\">Digitalisierung durch geteilte Datenr\u00e4ume: Wachstumsimpulse f\u00fcr den Smart-Living-Markt<\/h3>\n<\/div>\n\n\n\n<div class=\"icon-branchen cc-icn\"><svg xmlns=\"http:\/\/www.w3.org\/2000\/svg\" viewBox=\"0 0 32 32\"><path d=\"M28.5 13c0 0.828-0.672 1.5-1.5 1.5s-1.5-0.672-1.5-1.5v0-4.375l-7.439 7.439c-0.272 0.272-0.648 0.44-1.063 0.44-0.83 0-1.503-0.673-1.503-1.503 0-0.415 0.168-0.791 0.44-1.063l7.439-7.439h-4.375c-0.828 0-1.5-0.672-1.5-1.5s0.672-1.5 1.5-1.5v0h8c0.828 0 1.5 0.672 1.5 1.5v0zM23 16c-0.828 0-1.5 0.672-1.5 1.5v0 8h-15v-15h8c0.828 0 1.5-0.672 1.5-1.5s-0.672-1.5-1.5-1.5v0h-8.5c-1.381 0-2.5 1.119-2.5 2.5v0 16c0 1.381 1.119 2.5 2.5 2.5v0h16c1.381 0 2.5-1.119 2.5-2.5v0-8.5c0-0.828-0.672-1.5-1.5-1.5v0z\"><\/path><\/svg><\/div>\n<\/a>\n<\/div><div class=\"cc-query-item\">\n<a class=\"boxes-border-left\" href=\"https:\/\/www.bauen-aktuell.eu\/bereit-fuer-smart-living-a-6a5c18c50a64f2e3a034f1df5d7b61d6\/\" rel=\"noopener\" target=\"_blank\">\n<div>\n<p class=\"paragraph-c57dfa7 page-type\">Published by<\/p>\n\n\n\n<p>Bauen aktuell<\/p>\n\n\n\n<h3 class=\"heading-c38d00f\">Wohngeb\u00e4ude digitalisieren: Bereit f\u00fcr Smart Living<\/h3>\n<\/div>\n\n\n\n<div class=\"icon-branchen cc-icn\"><svg xmlns=\"http:\/\/www.w3.org\/2000\/svg\" viewBox=\"0 0 32 32\"><path d=\"M28.5 13c0 0.828-0.672 1.5-1.5 1.5s-1.5-0.672-1.5-1.5v0-4.375l-7.439 7.439c-0.272 0.272-0.648 0.44-1.063 0.44-0.83 0-1.503-0.673-1.503-1.503 0-0.415 0.168-0.791 0.44-1.063l7.439-7.439h-4.375c-0.828 0-1.5-0.672-1.5-1.5s0.672-1.5 1.5-1.5v0h8c0.828 0 1.5 0.672 1.5 1.5v0zM23 16c-0.828 0-1.5 0.672-1.5 1.5v0 8h-15v-15h8c0.828 0 1.5-0.672 1.5-1.5s-0.672-1.5-1.5-1.5v0h-8.5c-1.381 0-2.5 1.119-2.5 2.5v0 16c0 1.381 1.119 2.5 2.5 2.5v0h16c1.381 0 2.5-1.119 2.5-2.5v0-8.5c0-0.828-0.672-1.5-1.5-1.5v0z\"><\/path><\/svg><\/div>\n<\/a>\n<\/div><div class=\"cc-query-item\">\n<a class=\"boxes-border-left\" href=\"https:\/\/euro-security.de\/die-sicherheitsindustrie\/zahlen-und-fakten\/vollstandige-digitalisierung-von-wohngebauden-durch-geteilte-datenraume-neue-wachstumsimpulse-fur-den-smart-living-markt\/\" rel=\"noopener\" target=\"_blank\">\n<div>\n<p class=\"paragraph-c57dfa7 page-type\">Published by<\/p>\n\n\n\n<p>Euro Security<\/p>\n\n\n\n<h3 class=\"heading-c38d00f\">Vollst\u00e4ndige Digitalisierung von Wohngeb\u00e4uden durch geteilte Datenr\u00e4ume<\/h3>\n<\/div>\n\n\n\n<div class=\"icon-branchen cc-icn\"><svg xmlns=\"http:\/\/www.w3.org\/2000\/svg\" viewBox=\"0 0 32 32\"><path d=\"M28.5 13c0 0.828-0.672 1.5-1.5 1.5s-1.5-0.672-1.5-1.5v0-4.375l-7.439 7.439c-0.272 0.272-0.648 0.44-1.063 0.44-0.83 0-1.503-0.673-1.503-1.503 0-0.415 0.168-0.791 0.44-1.063l7.439-7.439h-4.375c-0.828 0-1.5-0.672-1.5-1.5s0.672-1.5 1.5-1.5v0h8c0.828 0 1.5 0.672 1.5 1.5v0zM23 16c-0.828 0-1.5 0.672-1.5 1.5v0 8h-15v-15h8c0.828 0 1.5-0.672 1.5-1.5s-0.672-1.5-1.5-1.5v0h-8.5c-1.381 0-2.5 1.119-2.5 2.5v0 16c0 1.381 1.119 2.5 2.5 2.5v0h16c1.381 0 2.5-1.119 2.5-2.5v0-8.5c0-0.828-0.672-1.5-1.5-1.5v0z\"><\/path><\/svg><\/div>\n<\/a>\n<\/div><div class=\"cc-query-item\">\n<a class=\"boxes-border-left\" href=\"https:\/\/impact.h-da.de\/robohund-zur-pflegeunterstuetzung#c61979\" rel=\"noopener\" target=\"_blank\">\n<div>\n<p class=\"paragraph-c57dfa7 page-type\">Published by<\/p>\n\n\n\n<p>Impact &#8211; Magazin f\u00fcr angewandte Wissenschaft und Kunst<\/p>\n\n\n\n<h3 class=\"heading-c38d00f\">Auf den Hund gekommen<\/h3>\n<\/div>\n\n\n\n<div class=\"icon-branchen cc-icn\"><svg xmlns=\"http:\/\/www.w3.org\/2000\/svg\" viewBox=\"0 0 32 32\"><path d=\"M28.5 13c0 0.828-0.672 1.5-1.5 1.5s-1.5-0.672-1.5-1.5v0-4.375l-7.439 7.439c-0.272 0.272-0.648 0.44-1.063 0.44-0.83 0-1.503-0.673-1.503-1.503 0-0.415 0.168-0.791 0.44-1.063l7.439-7.439h-4.375c-0.828 0-1.5-0.672-1.5-1.5s0.672-1.5 1.5-1.5v0h8c0.828 0 1.5 0.672 1.5 1.5v0zM23 16c-0.828 0-1.5 0.672-1.5 1.5v0 8h-15v-15h8c0.828 0 1.5-0.672 1.5-1.5s-0.672-1.5-1.5-1.5v0h-8.5c-1.381 0-2.5 1.119-2.5 2.5v0 16c0 1.381 1.119 2.5 2.5 2.5v0h16c1.381 0 2.5-1.119 2.5-2.5v0-8.5c0-0.828-0.672-1.5-1.5-1.5v0z\"><\/path><\/svg><\/div>\n<\/a>\n<\/div><div class=\"cc-query-item\" data-lastpost=\"1\">\n<a class=\"boxes-border-left\" href=\"https:\/\/gebaeudedigital.de\/allgemein\/auftakt-des-technologieprogramms-smartlivingnext\/\" rel=\"noopener\" target=\"_blank\">\n<div>\n<p class=\"paragraph-c57dfa7 page-type\">Published by<\/p>\n\n\n\n<p>Geb\u00e4udedigital<\/p>\n\n\n\n<h3 class=\"heading-c38d00f\">Auftakt des Technologieprogramms SmartLivingNEXT<\/h3>\n<\/div>\n\n\n\n<div class=\"icon-branchen cc-icn\"><svg xmlns=\"http:\/\/www.w3.org\/2000\/svg\" viewBox=\"0 0 32 32\"><path d=\"M28.5 13c0 0.828-0.672 1.5-1.5 1.5s-1.5-0.672-1.5-1.5v0-4.375l-7.439 7.439c-0.272 0.272-0.648 0.44-1.063 0.44-0.83 0-1.503-0.673-1.503-1.503 0-0.415 0.168-0.791 0.44-1.063l7.439-7.439h-4.375c-0.828 0-1.5-0.672-1.5-1.5s0.672-1.5 1.5-1.5v0h8c0.828 0 1.5 0.672 1.5 1.5v0zM23 16c-0.828 0-1.5 0.672-1.5 1.5v0 8h-15v-15h8c0.828 0 1.5-0.672 1.5-1.5s-0.672-1.5-1.5-1.5v0h-8.5c-1.381 0-2.5 1.119-2.5 2.5v0 16c0 1.381 1.119 2.5 2.5 2.5v0h16c1.381 0 2.5-1.119 2.5-2.5v0-8.5c0-0.828-0.672-1.5-1.5-1.5v0z\"><\/path><\/svg><\/div>\n<\/a>\n<\/div><\/div>\n\n<div id=\"querypagination-c37d88a\" class=\"sp-b-7\" cc-query-pagination=\"\">\n<div id=\"querypaginationnumbers-cb4d94b\" class=\"querypaginationnumbers-c8e5f4d\" cc-query-pagination-numbers=\"\"><span aria-current=\"page\" class=\"page-numbers current\">1<\/span>\n<a class=\"page-numbers\" href=\"?pager=2\">2<\/a><\/div>\n<\/div>\n<\/div>\n<\/div>\n","protected":false},"excerpt":{"rendered":"","protected":false},"author":1,"featured_media":0,"parent":0,"menu_order":0,"comment_status":"closed","ping_status":"closed","template":"","meta":{"_acf_changed":false,"footnotes":""},"class_list":["post-7314","page","type-page","status-publish","hentry"],"acf":[],"_links":{"self":[{"href":"https:\/\/smartlivingnext.de\/en\/wp-json\/wp\/v2\/pages\/7314","targetHints":{"allow":["GET"]}}],"collection":[{"href":"https:\/\/smartlivingnext.de\/en\/wp-json\/wp\/v2\/pages"}],"about":[{"href":"https:\/\/smartlivingnext.de\/en\/wp-json\/wp\/v2\/types\/page"}],"author":[{"embeddable":true,"href":"https:\/\/smartlivingnext.de\/en\/wp-json\/wp\/v2\/users\/1"}],"replies":[{"embeddable":true,"href":"https:\/\/smartlivingnext.de\/en\/wp-json\/wp\/v2\/comments?post=7314"}],"version-history":[{"count":0,"href":"https:\/\/smartlivingnext.de\/en\/wp-json\/wp\/v2\/pages\/7314\/revisions"}],"wp:attachment":[{"href":"https:\/\/smartlivingnext.de\/en\/wp-json\/wp\/v2\/media?parent=7314"}],"curies":[{"name":"wp","href":"https:\/\/api.w.org\/{rel}","templated":true}]}}